{"id":360,"date":"2026-03-30T14:09:54","date_gmt":"2026-03-30T12:09:54","guid":{"rendered":"https:\/\/annatort.com\/?page_id=360"},"modified":"2026-03-31T11:43:31","modified_gmt":"2026-03-31T09:43:31","slug":"formacio-i-supervisio","status":"publish","type":"page","link":"https:\/\/annatort.com\/es\/serveis\/formacio-i-supervisio\/","title":{"rendered":"Capacitaci\u00f3n y supervisi\u00f3n"},"content":{"rendered":"<div data-elementor-type=\"wp-page\" data-elementor-id=\"360\" class=\"elementor elementor-360\" data-elementor-post-type=\"page\">\n\t\t\t\t<div class=\"elementor-element elementor-element-d2086a1 e-flex e-con-boxed e-con e-parent\" data-id=\"d2086a1\" data-element_type=\"container\" data-e-type=\"container\" data-settings=\"{&quot;background_background&quot;:&quot;classic&quot;}\">\n\t\t\t\t\t<div class=\"e-con-inner\">\n\t\t\t\t\t<\/div>\n\t\t\t\t<\/div>\n\t\t<div class=\"elementor-element elementor-element-2a47ad5 e-flex e-con-boxed e-con e-parent\" data-id=\"2a47ad5\" data-element_type=\"container\" data-e-type=\"container\">\n\t\t\t\t\t<div class=\"e-con-inner\">\n\t\t<div class=\"elementor-element elementor-element-0694c76 e-con-full e-flex e-con e-child\" data-id=\"0694c76\" data-element_type=\"container\" data-e-type=\"container\">\n\t\t\t\t<div class=\"elementor-element elementor-element-1c5a277 elementor-widget elementor-widget-heading\" data-id=\"1c5a277\" data-element_type=\"widget\" data-e-type=\"widget\" data-widget_type=\"heading.default\">\n\t\t\t\t\t<h2 class=\"elementor-heading-title elementor-size-default\">Capacitaci\u00f3n y supervisi\u00f3n<\/h2>\t\t\t\t<\/div>\n\t\t\t\t<\/div>\n\t\t<div class=\"elementor-element elementor-element-38cd183 e-con-full e-flex e-con e-child\" data-id=\"38cd183\" data-element_type=\"container\" data-e-type=\"container\">\n\t\t\t\t<div class=\"elementor-element elementor-element-8d84e9b elementor-widget elementor-widget-text-editor\" data-id=\"8d84e9b\" data-element_type=\"widget\" data-e-type=\"widget\" data-widget_type=\"text-editor.default\">\n\t\t\t\t\t\t\t\t\t<ul class=\"ul1\"><li class=\"li1\">Dise\u00f1o de <b>propuestas formativas de sensibilizaci\u00f3n<\/b> la arteterapia como una primera aproximaci\u00f3n a la disciplina o como previa al dise\u00f1o de una intervenci\u00f3n m\u00e1s global.<\/li><li class=\"li1\"><b>Formaciones dise\u00f1adas para grupos de profesionales<\/b> que quieren integrar a su labor recursos propios de la arteterapia.\u00a0<\/li><\/ul><ul class=\"ul1\"><li class=\"li1\"><b>Supervisi\u00f3n de la pr\u00e1ctica profesional<\/b> desde la mirada y la disciplina arteterap\u00e9utica.\u00a0<\/li><\/ul><ul class=\"ul1\"><li class=\"li1\">Para aquellas personas que desean formarse como arteterapeutas, me pod\u00e9is encontrar en el Diploma y M\u00e1ster que organiza la Universitat de Girona junto con <a href=\"https:\/\/grefart.org\/cursos-de-formacion-arteterapia\/\" target=\"_blank\" rel=\"noopener\"><span class=\"s2\">GREFART Universidad de Girona<\/span><\/a>.<\/li><\/ul><ul class=\"ul1\"><li class=\"li1\">Para arteterapeutas ya formados que desean supervisar su pr\u00e1ctica.<\/li><\/ul>\t\t\t\t\t\t\t\t<\/div>\n\t\t\t\t<\/div>\n\t\t\t\t\t<\/div>\n\t\t\t\t<\/div>\n\t\t\t\t<\/div>","protected":false},"excerpt":{"rendered":"<p>Disseny de propostes formatives de sensibilitzaci\u00f3 a l\u2019artter\u00e0pia com una primera aproximaci\u00f3 a disciplina o com a pr\u00e8via al disseny d\u2019una intervenci\u00f3 m\u00e9s global. Formacions dissenyades per a grups de professionals que volen integrar a la seva tasca recursos propis de l\u2019artter\u00e0pia.\u00a0 Supervisi\u00f3 de la pr\u00e0ctica professional des de la mirada i la disciplina artterap\u00e8utica.\u00a0 [&hellip;]<\/p>\n","protected":false},"author":1,"featured_media":0,"parent":353,"menu_order":0,"comment_status":"closed","ping_status":"closed","template":"","meta":{"footnotes":""},"class_list":["post-360","page","type-page","status-publish","hentry"],"_links":{"self":[{"href":"https:\/\/annatort.com\/es\/wp-json\/wp\/v2\/pages\/360","targetHints":{"allow":["GET"]}}],"collection":[{"href":"https:\/\/annatort.com\/es\/wp-json\/wp\/v2\/pages"}],"about":[{"href":"https:\/\/annatort.com\/es\/wp-json\/wp\/v2\/types\/page"}],"author":[{"embeddable":true,"href":"https:\/\/annatort.com\/es\/wp-json\/wp\/v2\/users\/1"}],"replies":[{"embeddable":true,"href":"https:\/\/annatort.com\/es\/wp-json\/wp\/v2\/comments?post=360"}],"version-history":[{"count":10,"href":"https:\/\/annatort.com\/es\/wp-json\/wp\/v2\/pages\/360\/revisions"}],"predecessor-version":[{"id":479,"href":"https:\/\/annatort.com\/es\/wp-json\/wp\/v2\/pages\/360\/revisions\/479"}],"up":[{"embeddable":true,"href":"https:\/\/annatort.com\/es\/wp-json\/wp\/v2\/pages\/353"}],"wp:attachment":[{"href":"https:\/\/annatort.com\/es\/wp-json\/wp\/v2\/media?parent=360"}],"curies":[{"name":"wp","href":"https:\/\/api.w.org\/{rel}","templated":true}]}}