{"id":358,"date":"2026-03-30T14:09:28","date_gmt":"2026-03-30T12:09:28","guid":{"rendered":"https:\/\/annatort.com\/?page_id=358"},"modified":"2026-03-31T11:29:12","modified_gmt":"2026-03-31T09:29:12","slug":"artterapia-per-entitats","status":"publish","type":"page","link":"https:\/\/annatort.com\/es\/serveis\/artterapia-per-entitats\/","title":{"rendered":"Arteterapia para entidades"},"content":{"rendered":"<div data-elementor-type=\"wp-page\" data-elementor-id=\"358\" class=\"elementor elementor-358\" data-elementor-post-type=\"page\">\n\t\t\t\t<div class=\"elementor-element elementor-element-b186fda e-flex e-con-boxed e-con e-parent\" data-id=\"b186fda\" data-element_type=\"container\" data-e-type=\"container\" data-settings=\"{&quot;background_background&quot;:&quot;classic&quot;}\">\n\t\t\t\t\t<div class=\"e-con-inner\">\n\t\t\t\t\t<\/div>\n\t\t\t\t<\/div>\n\t\t<div class=\"elementor-element elementor-element-badb731 e-flex e-con-boxed e-con e-parent\" data-id=\"badb731\" data-element_type=\"container\" data-e-type=\"container\">\n\t\t\t\t\t<div class=\"e-con-inner\">\n\t\t<div class=\"elementor-element elementor-element-4bdd465 e-con-full e-flex e-con e-child\" data-id=\"4bdd465\" data-element_type=\"container\" data-e-type=\"container\">\n\t\t\t\t<div class=\"elementor-element elementor-element-7899af5 elementor-widget elementor-widget-heading\" data-id=\"7899af5\" data-element_type=\"widget\" data-e-type=\"widget\" data-widget_type=\"heading.default\">\n\t\t\t\t\t<h2 class=\"elementor-heading-title elementor-size-default\">Arteterapia para entidades y equipos<\/h2>\t\t\t\t<\/div>\n\t\t\t\t<\/div>\n\t\t<div class=\"elementor-element elementor-element-fbf64f9 e-con-full e-flex e-con e-child\" data-id=\"fbf64f9\" data-element_type=\"container\" data-e-type=\"container\">\n\t\t\t\t<div class=\"elementor-element elementor-element-0581c30 elementor-widget elementor-widget-heading\" data-id=\"0581c30\" data-element_type=\"widget\" data-e-type=\"widget\" data-widget_type=\"heading.default\">\n\t\t\t\t\t<h2 class=\"elementor-heading-title elementor-size-default\">Dise\u00f1o de proyectos de arteterapia para entidades sociales y de salud comunitaria adaptados a sus necesidades y objetivos<\/h2>\t\t\t\t<\/div>\n\t\t\t\t<div class=\"elementor-element elementor-element-68d936c elementor-widget elementor-widget-text-editor\" data-id=\"68d936c\" data-element_type=\"widget\" data-e-type=\"widget\" data-widget_type=\"text-editor.default\">\n\t\t\t\t\t\t\t\t\t<p class=\"p1\">Las entidades que trabajan con personas y que las acompa\u00f1an en su proceso de atenci\u00f3n, cuidado y\/o recuperaci\u00f3n pueden beneficiarse de la forma de trabajo espec\u00edfica que ofrece la arteterapia encontrando una forma que complementa los recursos que ya ofrecen.\u00a0<\/p><p class=\"p1\">Los equipos humanos que trabajan tambi\u00e9n deben ser cuidados, ya sea por la dificultad inherente a la tarea o por las dificultades que surgen en los equipos profesionales. La arteterapia permite potenciar las capacidades de los equipos de trabajo y velar por su bienestar.<\/p><p class=\"p1\">Hay muchas formas de intervenir dentro de una entidad. Se busca siempre el formato m\u00e1s adecuado al contexto y realidad que se vive y a los objetivos de la entidad, Ayuntamiento, asociaci\u00f3n, Fundaci\u00f3n, instituciones p\u00fablicas o privadas, empresas, etc.<\/p>\t\t\t\t\t\t\t\t<\/div>\n\t\t\t\t<\/div>\n\t\t\t\t\t<\/div>\n\t\t\t\t<\/div>\n\t\t\t\t<\/div>","protected":false},"excerpt":{"rendered":"<p>Artter\u00e0pia per entitats i equips Disseny de projectes d\u2019artter\u00e0pia per entitats socials i de salut comunit\u00e0ria adaptats a les seves necessitats i objectius Les entitats que treballen amb persones i que les acompanyen en el seu proc\u00e9s d\u2019atenci\u00f3, cura i\/o recuperaci\u00f3 poden beneficiar-se de la forma de treball espec\u00edfica que ofereix l\u2019artter\u00e0pia trobant una forma [&hellip;]<\/p>\n","protected":false},"author":1,"featured_media":0,"parent":353,"menu_order":0,"comment_status":"closed","ping_status":"closed","template":"","meta":{"footnotes":""},"class_list":["post-358","page","type-page","status-publish","hentry"],"_links":{"self":[{"href":"https:\/\/annatort.com\/es\/wp-json\/wp\/v2\/pages\/358","targetHints":{"allow":["GET"]}}],"collection":[{"href":"https:\/\/annatort.com\/es\/wp-json\/wp\/v2\/pages"}],"about":[{"href":"https:\/\/annatort.com\/es\/wp-json\/wp\/v2\/types\/page"}],"author":[{"embeddable":true,"href":"https:\/\/annatort.com\/es\/wp-json\/wp\/v2\/users\/1"}],"replies":[{"embeddable":true,"href":"https:\/\/annatort.com\/es\/wp-json\/wp\/v2\/comments?post=358"}],"version-history":[{"count":7,"href":"https:\/\/annatort.com\/es\/wp-json\/wp\/v2\/pages\/358\/revisions"}],"predecessor-version":[{"id":469,"href":"https:\/\/annatort.com\/es\/wp-json\/wp\/v2\/pages\/358\/revisions\/469"}],"up":[{"embeddable":true,"href":"https:\/\/annatort.com\/es\/wp-json\/wp\/v2\/pages\/353"}],"wp:attachment":[{"href":"https:\/\/annatort.com\/es\/wp-json\/wp\/v2\/media?parent=358"}],"curies":[{"name":"wp","href":"https:\/\/api.w.org\/{rel}","templated":true}]}}