{"id":356,"date":"2026-03-30T14:09:15","date_gmt":"2026-03-30T12:09:15","guid":{"rendered":"https:\/\/annatort.com\/?page_id=356"},"modified":"2026-03-31T12:19:26","modified_gmt":"2026-03-31T10:19:26","slug":"artterapia-individual-i-grupal","status":"publish","type":"page","link":"https:\/\/annatort.com\/es\/serveis\/artterapia-individual-i-grupal\/","title":{"rendered":"Arteterapia individual y grupal"},"content":{"rendered":"<div data-elementor-type=\"wp-page\" data-elementor-id=\"356\" class=\"elementor elementor-356\" data-elementor-post-type=\"page\">\n\t\t\t\t<div class=\"elementor-element elementor-element-2901313 e-flex e-con-boxed e-con e-parent\" data-id=\"2901313\" data-element_type=\"container\" data-e-type=\"container\" data-settings=\"{&quot;background_background&quot;:&quot;classic&quot;}\">\n\t\t\t\t\t<div class=\"e-con-inner\">\n\t\t\t\t\t<\/div>\n\t\t\t\t<\/div>\n\t\t<div class=\"elementor-element elementor-element-5273393 e-flex e-con-boxed e-con e-parent\" data-id=\"5273393\" data-element_type=\"container\" data-e-type=\"container\">\n\t\t\t\t\t<div class=\"e-con-inner\">\n\t\t<div class=\"elementor-element elementor-element-63f301a e-con-full e-flex e-con e-child\" data-id=\"63f301a\" data-element_type=\"container\" data-e-type=\"container\">\n\t\t\t\t<div class=\"elementor-element elementor-element-6a092a6 elementor-widget elementor-widget-heading\" data-id=\"6a092a6\" data-element_type=\"widget\" data-e-type=\"widget\" data-widget_type=\"heading.default\">\n\t\t\t\t\t<h2 class=\"elementor-heading-title elementor-size-default\">Arteterapia individual y grupal<\/h2>\t\t\t\t<\/div>\n\t\t\t\t<\/div>\n\t\t<div class=\"elementor-element elementor-element-860abef e-con-full e-flex e-con e-child\" data-id=\"860abef\" data-element_type=\"container\" data-e-type=\"container\">\n\t\t\t\t<div class=\"elementor-element elementor-element-ee7e864 elementor-widget elementor-widget-heading\" data-id=\"ee7e864\" data-element_type=\"widget\" data-e-type=\"widget\" data-widget_type=\"heading.default\">\n\t\t\t\t\t<h2 class=\"elementor-heading-title elementor-size-default\">Atenci\u00f3n de ni\u00f1os, adolescentes, j\u00f3venes y adultos<\/h2>\t\t\t\t<\/div>\n\t\t\t\t<div class=\"elementor-element elementor-element-5d67765 elementor-widget elementor-widget-text-editor\" data-id=\"5d67765\" data-element_type=\"widget\" data-e-type=\"widget\" data-widget_type=\"text-editor.default\">\n\t\t\t\t\t\t\t\t\t<p style=\"font-weight: 400;\">Dirigido a personas con dificultades emocionales, relacionales, expresivas o conductuales.<br \/>Personas con trastornos o enfermedades org\u00e1nicas que generan malestar. Miembros de familias adoptivas o de acogida. Procesos de duelo, separaci\u00f3n, experiencias traum\u00e1ticas, etc.<\/p><p>Tambi\u00e9n a personas interesadas en hacer un proceso de desarrollo personal y de autoconocimiento.<\/p><p>No es necesario tener experiencia previa ni habilidades art\u00edsticas.<\/p><p>Siempre se trabaja a partir de la demanda particular de cada persona.<\/p>\t\t\t\t\t\t\t\t<\/div>\n\t\t<div class=\"elementor-element elementor-element-d28e2f4 e-con-full e-flex e-con e-child\" data-id=\"d28e2f4\" data-element_type=\"container\" data-e-type=\"container\" data-settings=\"{&quot;background_background&quot;:&quot;classic&quot;}\">\n\t\t<div class=\"elementor-element elementor-element-b8f07ad e-con-full e-flex e-con e-child\" data-id=\"b8f07ad\" data-element_type=\"container\" data-e-type=\"container\" data-settings=\"{&quot;background_background&quot;:&quot;classic&quot;}\">\n\t\t\t\t<div class=\"elementor-element elementor-element-f7bd19c elementor-widget elementor-widget-heading\" data-id=\"f7bd19c\" data-element_type=\"widget\" data-e-type=\"widget\" data-widget_type=\"heading.default\">\n\t\t\t\t\t<h3 class=\"elementor-heading-title elementor-size-default\">Sesiones individuales de 60&#039;\u2019 <\/h3>\t\t\t\t<\/div>\n\t\t\t\t<div class=\"elementor-element elementor-element-47dcaa4 elementor-widget elementor-widget-text-editor\" data-id=\"47dcaa4\" data-element_type=\"widget\" data-e-type=\"widget\" data-widget_type=\"text-editor.default\">\n\t\t\t\t\t\t\t\t\t<p class=\"p1\">Presencial, en l\u00ednea y a domicilio\u00a0<\/p><p class=\"p1\">Horas concertadas\u00a0<\/p>\t\t\t\t\t\t\t\t<\/div>\n\t\t\t\t<\/div>\n\t\t<div class=\"elementor-element elementor-element-277e388 e-con-full e-flex e-con e-child\" data-id=\"277e388\" data-element_type=\"container\" data-e-type=\"container\" data-settings=\"{&quot;background_background&quot;:&quot;classic&quot;}\">\n\t\t\t\t<div class=\"elementor-element elementor-element-6117aa6 elementor-widget elementor-widget-heading\" data-id=\"6117aa6\" data-element_type=\"widget\" data-e-type=\"widget\" data-widget_type=\"heading.default\">\n\t\t\t\t\t<h3 class=\"elementor-heading-title elementor-size-default\">Sesiones grupales entre 60\u2019 y 120'<\/h3>\t\t\t\t<\/div>\n\t\t\t\t<div class=\"elementor-element elementor-element-f6b8ea0 elementor-widget elementor-widget-text-editor\" data-id=\"f6b8ea0\" data-element_type=\"widget\" data-e-type=\"widget\" data-widget_type=\"text-editor.default\">\n\t\t\t\t\t\t\t\t\t<p class=\"p1\">PRESENCIAL \u2013 BANYOLES \u2013 abril\/junio<\/p>\t\t\t\t\t\t\t\t<\/div>\n\t\t\t\t<div class=\"elementor-element elementor-element-12de95e elementor-widget__width-initial elementor-widget elementor-widget-text-editor\" data-id=\"12de95e\" data-element_type=\"widget\" data-e-type=\"widget\" data-widget_type=\"text-editor.default\">\n\t\t\t\t\t\t\t\t\t<ul><li style=\"padding-bottom: 12px;\"><p class=\"p1\">Grupo infantil \u2013 sesiones semanales.<br \/>Lunes de 5 a 6h\u00a0<br \/>viernes de 17:30 a 19h.\u00a0<\/p><\/li><li style=\"padding-bottom: 12px;\"><p class=\"p1\">Adultos en grupo - sesiones semanales<br \/>jueves de 10:30 a 12:00\u00a0<\/p><\/li><\/ul>\t\t\t\t\t\t\t\t<\/div>\n\t\t\t\t<\/div>\n\t\t\t\t<\/div>\n\t\t\t\t<\/div>\n\t\t\t\t\t<\/div>\n\t\t\t\t<\/div>\n\t\t\t\t<\/div>","protected":false},"excerpt":{"rendered":"<p>Atenci\u00f3 d\u2019infants, adolescents, joves, i adults Dirigit a persones amb dificultats emocionals, relacionals, expressives o conductuals.Persones amb trastorns o malalties org\u00e0niques que generen malestar. Membres de fam\u00edlies adoptives o d&#8217;acollida. Processos de dol, separaci\u00f3, experi\u00e8ncies traum\u00e0tiques, etc. Tamb\u00e9 a persones interessades en fer un proc\u00e9s de desenvolupament personal i d&#8217;autoconeixement. No \u00e9s necessari tenir experi\u00e8ncia [&hellip;]<\/p>\n","protected":false},"author":1,"featured_media":0,"parent":353,"menu_order":0,"comment_status":"closed","ping_status":"closed","template":"","meta":{"footnotes":""},"class_list":["post-356","page","type-page","status-publish","hentry"],"_links":{"self":[{"href":"https:\/\/annatort.com\/es\/wp-json\/wp\/v2\/pages\/356","targetHints":{"allow":["GET"]}}],"collection":[{"href":"https:\/\/annatort.com\/es\/wp-json\/wp\/v2\/pages"}],"about":[{"href":"https:\/\/annatort.com\/es\/wp-json\/wp\/v2\/types\/page"}],"author":[{"embeddable":true,"href":"https:\/\/annatort.com\/es\/wp-json\/wp\/v2\/users\/1"}],"replies":[{"embeddable":true,"href":"https:\/\/annatort.com\/es\/wp-json\/wp\/v2\/comments?post=356"}],"version-history":[{"count":13,"href":"https:\/\/annatort.com\/es\/wp-json\/wp\/v2\/pages\/356\/revisions"}],"predecessor-version":[{"id":492,"href":"https:\/\/annatort.com\/es\/wp-json\/wp\/v2\/pages\/356\/revisions\/492"}],"up":[{"embeddable":true,"href":"https:\/\/annatort.com\/es\/wp-json\/wp\/v2\/pages\/353"}],"wp:attachment":[{"href":"https:\/\/annatort.com\/es\/wp-json\/wp\/v2\/media?parent=356"}],"curies":[{"name":"wp","href":"https:\/\/api.w.org\/{rel}","templated":true}]}}