{"id":353,"date":"2026-03-30T14:00:04","date_gmt":"2026-03-30T12:00:04","guid":{"rendered":"https:\/\/annatort.com\/?page_id=353"},"modified":"2026-03-31T10:51:35","modified_gmt":"2026-03-31T08:51:35","slug":"serveis","status":"publish","type":"page","link":"https:\/\/annatort.com\/es\/serveis\/","title":{"rendered":"Servicios"},"content":{"rendered":"\t\t<div data-elementor-type=\"wp-page\" data-elementor-id=\"353\" class=\"elementor elementor-353\" data-elementor-post-type=\"page\">\n\t\t\t\t<div class=\"elementor-element elementor-element-58ee634 e-flex e-con-boxed e-con e-parent\" data-id=\"58ee634\" data-element_type=\"container\" data-e-type=\"container\" data-settings=\"{&quot;background_background&quot;:&quot;classic&quot;}\">\n\t\t\t\t\t<div class=\"e-con-inner\">\n\t\t\t\t\t<\/div>\n\t\t\t\t<\/div>\n\t\t<div class=\"elementor-element elementor-element-e2a3c88 e-flex e-con-boxed e-con e-parent\" data-id=\"e2a3c88\" data-element_type=\"container\" data-e-type=\"container\">\n\t\t\t\t\t<div class=\"e-con-inner\">\n\t\t\t\t<div class=\"elementor-element elementor-element-b69cc9a elementor-widget elementor-widget-heading\" data-id=\"b69cc9a\" data-element_type=\"widget\" data-e-type=\"widget\" data-widget_type=\"heading.default\">\n\t\t\t\t\t<h4 class=\"elementor-heading-title elementor-size-default\">Serveis d'Artter\u00e0pia<\/h4>\t\t\t\t<\/div>\n\t\t<div class=\"elementor-element elementor-element-75b1a01 e-con-full e-flex e-con e-child\" data-id=\"75b1a01\" data-element_type=\"container\" data-e-type=\"container\">\n\t\t<div class=\"elementor-element elementor-element-cc23568 e-con-full e-flex e-con e-child\" data-id=\"cc23568\" data-element_type=\"container\" data-e-type=\"container\">\n\t\t\t\t<div class=\"elementor-element elementor-element-e88002d elementor-widget elementor-widget-image\" data-id=\"e88002d\" data-element_type=\"widget\" data-e-type=\"widget\" data-widget_type=\"image.default\">\n\t\t\t\t\t\t\t\t\t\t\t\t\t\t\t<img fetchpriority=\"high\" decoding=\"async\" width=\"586\" height=\"440\" src=\"https:\/\/annatort.com\/wp-content\/uploads\/2026\/02\/individual.jpg\" class=\"attachment-large size-large wp-image-274\" alt=\"Artter\u00e0pia individual i grupal\" srcset=\"https:\/\/annatort.com\/wp-content\/uploads\/2026\/02\/individual.jpg 586w, https:\/\/annatort.com\/wp-content\/uploads\/2026\/02\/individual-16x12.jpg 16w\" sizes=\"(max-width: 586px) 100vw, 586px\" \/>\t\t\t\t\t\t\t\t\t\t\t\t\t\t\t<\/div>\n\t\t<div class=\"elementor-element elementor-element-97ef0ba e-con-full e-flex e-con e-child\" data-id=\"97ef0ba\" data-element_type=\"container\" data-e-type=\"container\">\n\t\t\t\t<div class=\"elementor-element elementor-element-37cead0 elementor-widget elementor-widget-heading\" data-id=\"37cead0\" data-element_type=\"widget\" data-e-type=\"widget\" data-widget_type=\"heading.default\">\n\t\t\t\t\t<h3 class=\"elementor-heading-title elementor-size-default\">Artter\u00e0pia individual i grupal<\/h3>\t\t\t\t<\/div>\n\t\t\t\t<div class=\"elementor-element elementor-element-bd80674 elementor-widget elementor-widget-text-editor\" data-id=\"bd80674\" data-element_type=\"widget\" data-e-type=\"widget\" data-widget_type=\"text-editor.default\">\n\t\t\t\t\t\t\t\t\t<p>Atenci\u00f3 individual o grupal a persones de qualsevol edat i circumst\u00e0ncia que volen realitzar un proc\u00e9s terap\u00e8utic o de creixement personal.<\/p>\t\t\t\t\t\t\t\t<\/div>\n\t\t\t\t<div class=\"elementor-element elementor-element-25ec5ab elementor-align-justify elementor-widget elementor-widget-button\" data-id=\"25ec5ab\" data-element_type=\"widget\" data-e-type=\"widget\" data-widget_type=\"button.default\">\n\t\t\t\t\t\t\t\t\t\t<a class=\"elementor-button elementor-button-link elementor-size-sm\" href=\"https:\/\/annatort.com\/es\/serveis\/artterapia-individual-i-grupal\/\">\n\t\t\t\t\t\t<span class=\"elementor-button-content-wrapper\">\n\t\t\t\t\t\t<span class=\"elementor-button-icon\">\n\t\t\t\t<svg aria-hidden=\"true\" class=\"e-font-icon-svg e-fas-arrow-right\" viewBox=\"0 0 448 512\" xmlns=\"http:\/\/www.w3.org\/2000\/svg\"><path d=\"M190.5 66.9l22.2-22.2c9.4-9.4 24.6-9.4 33.9 0L441 239c9.4 9.4 9.4 24.6 0 33.9L246.6 467.3c-9.4 9.4-24.6 9.4-33.9 0l-22.2-22.2c-9.5-9.5-9.3-25 .4-34.3L311.4 296H24c-13.3 0-24-10.7-24-24v-32c0-13.3 10.7-24 24-24h287.4L190.9 101.2c-9.8-9.3-10-24.8-.4-34.3z\"><\/path><\/svg>\t\t\t<\/span>\n\t\t\t\t\t\t\t\t\t<span class=\"elementor-button-text\">iNDIVIDUAL I GRUPAL<\/span>\n\t\t\t\t\t<\/span>\n\t\t\t\t\t<\/a>\n\t\t\t\t\t\t\t\t<\/div>\n\t\t\t\t<\/div>\n\t\t\t\t<\/div>\n\t\t<div class=\"elementor-element elementor-element-f0f49b0 e-con-full e-flex e-con e-child\" data-id=\"f0f49b0\" data-element_type=\"container\" data-e-type=\"container\">\n\t\t\t\t<div class=\"elementor-element elementor-element-3f115f1 elementor-widget elementor-widget-image\" data-id=\"3f115f1\" data-element_type=\"widget\" data-e-type=\"widget\" data-widget_type=\"image.default\">\n\t\t\t\t\t\t\t\t\t\t\t\t\t\t\t<img decoding=\"async\" width=\"2200\" height=\"1466\" src=\"https:\/\/annatort.com\/wp-content\/uploads\/2026\/03\/5_5_11zon.webp\" class=\"attachment-large size-large wp-image-389\" alt=\"\" srcset=\"https:\/\/annatort.com\/wp-content\/uploads\/2026\/03\/5_5_11zon.webp 2200w, https:\/\/annatort.com\/wp-content\/uploads\/2026\/03\/5_5_11zon-768x512.webp 768w, https:\/\/annatort.com\/wp-content\/uploads\/2026\/03\/5_5_11zon-1536x1024.webp 1536w, https:\/\/annatort.com\/wp-content\/uploads\/2026\/03\/5_5_11zon-2048x1365.webp 2048w, https:\/\/annatort.com\/wp-content\/uploads\/2026\/03\/5_5_11zon-18x12.webp 18w\" sizes=\"(max-width: 2200px) 100vw, 2200px\" \/>\t\t\t\t\t\t\t\t\t\t\t\t\t\t\t<\/div>\n\t\t<div class=\"elementor-element elementor-element-a82bbfd e-con-full e-flex e-con e-child\" data-id=\"a82bbfd\" data-element_type=\"container\" data-e-type=\"container\">\n\t\t\t\t<div class=\"elementor-element elementor-element-96b87df elementor-widget elementor-widget-heading\" data-id=\"96b87df\" data-element_type=\"widget\" data-e-type=\"widget\" data-widget_type=\"heading.default\">\n\t\t\t\t\t<h3 class=\"elementor-heading-title elementor-size-default\">Artter\u00e0pia i educaci\u00f3<\/h3>\t\t\t\t<\/div>\n\t\t\t\t<div class=\"elementor-element elementor-element-e5a1d9f elementor-widget elementor-widget-text-editor\" data-id=\"e5a1d9f\" data-element_type=\"widget\" data-e-type=\"widget\" data-widget_type=\"text-editor.default\">\n\t\t\t\t\t\t\t\t\t<p>Intervenci\u00f3 en centres educatius (Infantil, Prim\u00e0ria i Secund\u00e0ria) en favor del desenvolupament integral de les persones i per una escola promotora de salut.<\/p>\t\t\t\t\t\t\t\t<\/div>\n\t\t\t\t<div class=\"elementor-element elementor-element-a9dd4a6 elementor-align-justify elementor-widget elementor-widget-button\" data-id=\"a9dd4a6\" data-element_type=\"widget\" data-e-type=\"widget\" data-widget_type=\"button.default\">\n\t\t\t\t\t\t\t\t\t\t<a class=\"elementor-button elementor-button-link elementor-size-sm\" href=\"https:\/\/annatort.com\/es\/serveis\/artterapia-i-educacio\/\">\n\t\t\t\t\t\t<span class=\"elementor-button-content-wrapper\">\n\t\t\t\t\t\t<span class=\"elementor-button-icon\">\n\t\t\t\t<svg aria-hidden=\"true\" class=\"e-font-icon-svg e-fas-arrow-right\" viewBox=\"0 0 448 512\" xmlns=\"http:\/\/www.w3.org\/2000\/svg\"><path d=\"M190.5 66.9l22.2-22.2c9.4-9.4 24.6-9.4 33.9 0L441 239c9.4 9.4 9.4 24.6 0 33.9L246.6 467.3c-9.4 9.4-24.6 9.4-33.9 0l-22.2-22.2c-9.5-9.5-9.3-25 .4-34.3L311.4 296H24c-13.3 0-24-10.7-24-24v-32c0-13.3 10.7-24 24-24h287.4L190.9 101.2c-9.8-9.3-10-24.8-.4-34.3z\"><\/path><\/svg>\t\t\t<\/span>\n\t\t\t\t\t\t\t\t\t<span class=\"elementor-button-text\">EDUCACI\u00d3 <\/span>\n\t\t\t\t\t<\/span>\n\t\t\t\t\t<\/a>\n\t\t\t\t\t\t\t\t<\/div>\n\t\t\t\t<\/div>\n\t\t\t\t<\/div>\n\t\t<div class=\"elementor-element elementor-element-981eea6 e-con-full e-flex e-con e-child\" data-id=\"981eea6\" data-element_type=\"container\" data-e-type=\"container\">\n\t\t\t\t<div class=\"elementor-element elementor-element-9278aab elementor-widget elementor-widget-image\" data-id=\"9278aab\" data-element_type=\"widget\" data-e-type=\"widget\" data-widget_type=\"image.default\">\n\t\t\t\t\t\t\t\t\t\t\t\t\t\t\t<img decoding=\"async\" width=\"606\" height=\"452\" src=\"https:\/\/annatort.com\/wp-content\/uploads\/2026\/02\/entitats.jpg\" class=\"attachment-large size-large wp-image-277\" alt=\"\" srcset=\"https:\/\/annatort.com\/wp-content\/uploads\/2026\/02\/entitats.jpg 606w, https:\/\/annatort.com\/wp-content\/uploads\/2026\/02\/entitats-16x12.jpg 16w\" sizes=\"(max-width: 606px) 100vw, 606px\" \/>\t\t\t\t\t\t\t\t\t\t\t\t\t\t\t<\/div>\n\t\t<div class=\"elementor-element elementor-element-f3fb984 e-con-full e-flex e-con e-child\" data-id=\"f3fb984\" data-element_type=\"container\" data-e-type=\"container\">\n\t\t\t\t<div class=\"elementor-element elementor-element-f169532 elementor-widget elementor-widget-heading\" data-id=\"f169532\" data-element_type=\"widget\" data-e-type=\"widget\" data-widget_type=\"heading.default\">\n\t\t\t\t\t<h3 class=\"elementor-heading-title elementor-size-default\">Artter\u00e0pia per entitats<\/h3>\t\t\t\t<\/div>\n\t\t\t\t<div class=\"elementor-element elementor-element-50ad86a elementor-widget elementor-widget-text-editor\" data-id=\"50ad86a\" data-element_type=\"widget\" data-e-type=\"widget\" data-widget_type=\"text-editor.default\">\n\t\t\t\t\t\t\t\t\t<p>Intervenci\u00f3 per entitats, publiques o privades, tant per a les persones usu\u00e0ries com per els equips humans que hi treballen.<\/p>\t\t\t\t\t\t\t\t<\/div>\n\t\t\t\t<div class=\"elementor-element elementor-element-0fb984e elementor-align-justify elementor-widget elementor-widget-button\" data-id=\"0fb984e\" data-element_type=\"widget\" data-e-type=\"widget\" data-widget_type=\"button.default\">\n\t\t\t\t\t\t\t\t\t\t<a class=\"elementor-button elementor-button-link elementor-size-sm\" href=\"https:\/\/annatort.com\/es\/serveis\/artterapia-per-entitats\/\">\n\t\t\t\t\t\t<span class=\"elementor-button-content-wrapper\">\n\t\t\t\t\t\t<span class=\"elementor-button-icon\">\n\t\t\t\t<svg aria-hidden=\"true\" class=\"e-font-icon-svg e-fas-arrow-right\" viewBox=\"0 0 448 512\" xmlns=\"http:\/\/www.w3.org\/2000\/svg\"><path d=\"M190.5 66.9l22.2-22.2c9.4-9.4 24.6-9.4 33.9 0L441 239c9.4 9.4 9.4 24.6 0 33.9L246.6 467.3c-9.4 9.4-24.6 9.4-33.9 0l-22.2-22.2c-9.5-9.5-9.3-25 .4-34.3L311.4 296H24c-13.3 0-24-10.7-24-24v-32c0-13.3 10.7-24 24-24h287.4L190.9 101.2c-9.8-9.3-10-24.8-.4-34.3z\"><\/path><\/svg>\t\t\t<\/span>\n\t\t\t\t\t\t\t\t\t<span class=\"elementor-button-text\">ENTITATS<\/span>\n\t\t\t\t\t<\/span>\n\t\t\t\t\t<\/a>\n\t\t\t\t\t\t\t\t<\/div>\n\t\t\t\t<\/div>\n\t\t\t\t<\/div>\n\t\t<div class=\"elementor-element elementor-element-d83a49c e-con-full e-flex e-con e-child\" data-id=\"d83a49c\" data-element_type=\"container\" data-e-type=\"container\">\n\t\t\t\t<div class=\"elementor-element elementor-element-f39d484 elementor-widget elementor-widget-image\" data-id=\"f39d484\" data-element_type=\"widget\" data-e-type=\"widget\" data-widget_type=\"image.default\">\n\t\t\t\t\t\t\t\t\t\t\t\t\t\t\t<img loading=\"lazy\" decoding=\"async\" width=\"726\" height=\"524\" src=\"https:\/\/annatort.com\/wp-content\/uploads\/2026\/02\/docencia.jpg\" class=\"attachment-large size-large wp-image-275\" alt=\"\" srcset=\"https:\/\/annatort.com\/wp-content\/uploads\/2026\/02\/docencia.jpg 726w, https:\/\/annatort.com\/wp-content\/uploads\/2026\/02\/docencia-18x12.jpg 18w\" sizes=\"(max-width: 726px) 100vw, 726px\" \/>\t\t\t\t\t\t\t\t\t\t\t\t\t\t\t<\/div>\n\t\t<div class=\"elementor-element elementor-element-5dcc037 e-con-full e-flex e-con e-child\" data-id=\"5dcc037\" data-element_type=\"container\" data-e-type=\"container\">\n\t\t\t\t<div class=\"elementor-element elementor-element-57804bd elementor-widget elementor-widget-heading\" data-id=\"57804bd\" data-element_type=\"widget\" data-e-type=\"widget\" data-widget_type=\"heading.default\">\n\t\t\t\t\t<h3 class=\"elementor-heading-title elementor-size-default\">Formaci\u00f3 i supervisi\u00f3<\/h3>\t\t\t\t<\/div>\n\t\t\t\t<div class=\"elementor-element elementor-element-c799e68 elementor-widget elementor-widget-text-editor\" data-id=\"c799e68\" data-element_type=\"widget\" data-e-type=\"widget\" data-widget_type=\"text-editor.default\">\n\t\t\t\t\t\t\t\t\t<p>Persones que volen formar-se o ja estan formades i busquen supervisar la seva pr\u00e0ctica.<\/p>\t\t\t\t\t\t\t\t<\/div>\n\t\t\t\t<div class=\"elementor-element elementor-element-a1ee8e9 elementor-align-justify elementor-widget elementor-widget-button\" data-id=\"a1ee8e9\" data-element_type=\"widget\" data-e-type=\"widget\" data-widget_type=\"button.default\">\n\t\t\t\t\t\t\t\t\t\t<a class=\"elementor-button elementor-button-link elementor-size-sm\" href=\"https:\/\/annatort.com\/es\/serveis\/formacio-i-supervisio\/\">\n\t\t\t\t\t\t<span class=\"elementor-button-content-wrapper\">\n\t\t\t\t\t\t<span class=\"elementor-button-icon\">\n\t\t\t\t<svg aria-hidden=\"true\" class=\"e-font-icon-svg e-fas-arrow-right\" viewBox=\"0 0 448 512\" xmlns=\"http:\/\/www.w3.org\/2000\/svg\"><path d=\"M190.5 66.9l22.2-22.2c9.4-9.4 24.6-9.4 33.9 0L441 239c9.4 9.4 9.4 24.6 0 33.9L246.6 467.3c-9.4 9.4-24.6 9.4-33.9 0l-22.2-22.2c-9.5-9.5-9.3-25 .4-34.3L311.4 296H24c-13.3 0-24-10.7-24-24v-32c0-13.3 10.7-24 24-24h287.4L190.9 101.2c-9.8-9.3-10-24.8-.4-34.3z\"><\/path><\/svg>\t\t\t<\/span>\n\t\t\t\t\t\t\t\t\t<span class=\"elementor-button-text\">FORMACI\u00d3 I SUPERVISI\u00d3<\/span>\n\t\t\t\t\t<\/span>\n\t\t\t\t\t<\/a>\n\t\t\t\t\t\t\t\t<\/div>\n\t\t\t\t<\/div>\n\t\t\t\t<\/div>\n\t\t\t\t<\/div>\n\t\t\t\t\t<\/div>\n\t\t\t\t<\/div>\n\t\t<div class=\"elementor-element elementor-element-095c124 e-flex e-con-boxed e-con e-parent\" data-id=\"095c124\" data-element_type=\"container\" data-e-type=\"container\" data-settings=\"{&quot;background_background&quot;:&quot;classic&quot;}\">\n\t\t\t\t\t<div class=\"e-con-inner\">\n\t\t\t\t<div class=\"elementor-element elementor-element-e872a95 elementor-widget elementor-widget-heading\" data-id=\"e872a95\" data-element_type=\"widget\" data-e-type=\"widget\" data-widget_type=\"heading.default\">\n\t\t\t\t\t<h4 class=\"elementor-heading-title elementor-size-default\">Intervencions actuals<\/h4>\t\t\t\t<\/div>\n\t\t<div class=\"elementor-element elementor-element-31e7573 e-con-full e-flex e-con e-child\" data-id=\"31e7573\" data-element_type=\"container\" data-e-type=\"container\" data-settings=\"{&quot;background_background&quot;:&quot;classic&quot;}\">\n\t\t<div class=\"elementor-element elementor-element-14a098d e-con-full e-flex e-con e-child\" data-id=\"14a098d\" data-element_type=\"container\" data-e-type=\"container\">\n\t\t\t\t<div class=\"elementor-element elementor-element-641928f elementor-widget elementor-widget-heading\" data-id=\"641928f\" data-element_type=\"widget\" data-e-type=\"widget\" data-widget_type=\"heading.default\">\n\t\t\t\t\t<h2 class=\"elementor-heading-title elementor-size-default\">Educaci\u00f3<\/h2>\t\t\t\t<\/div>\n\t\t\t\t<div class=\"elementor-element elementor-element-a2e2e1e elementor-widget elementor-widget-text-editor\" data-id=\"a2e2e1e\" data-element_type=\"widget\" data-e-type=\"widget\" data-widget_type=\"text-editor.default\">\n\t\t\t\t\t\t\t\t\t<p><strong>Escola Joan Maragall \u2013 Santa Pau<\/strong><br \/>Intervenci\u00f3 realitzada per membres de l\u2019Associaci\u00f3 d\u2019Artterapeutes d\u2019Olot (ALTRART)<\/p>\t\t\t\t\t\t\t\t<\/div>\n\t\t\t\t<div class=\"elementor-element elementor-element-af044bc elementor-widget elementor-widget-text-editor\" data-id=\"af044bc\" data-element_type=\"widget\" data-e-type=\"widget\" data-widget_type=\"text-editor.default\">\n\t\t\t\t\t\t\t\t\t<ul><li style=\"padding-bottom: 12px;\">DESCRIPCI\u00d3: Art i creativitat es una intervenci\u00f3 universal per tots els alumnes de l\u2019escola.<\/li><li style=\"padding-bottom: 12px;\">FORMAT: Una sessi\u00f3 al mes amb el grup classe i amb pres\u00e8ncia de la tutora. Coordinaci\u00f3 trimestral amb la tutora.<\/li><li style=\"padding-bottom: 12px;\">FINALITAT: Promoci\u00f3 de les capacitats creatives en favor de la salut emocional i el desenvolupament integral dels infants.<\/li><\/ul>\t\t\t\t\t\t\t\t<\/div>\n\t\t\t\t<\/div>\n\t\t<div class=\"elementor-element elementor-element-12e6d5b e-con-full e-flex e-con e-child\" data-id=\"12e6d5b\" data-element_type=\"container\" data-e-type=\"container\" data-settings=\"{&quot;background_background&quot;:&quot;slideshow&quot;,&quot;background_slideshow_gallery&quot;:[{&quot;id&quot;:316,&quot;url&quot;:&quot;https:\\\/\\\/annatort.com\\\/wp-content\\\/uploads\\\/2026\\\/02\\\/educacio-joan2.jpg&quot;},{&quot;id&quot;:315,&quot;url&quot;:&quot;https:\\\/\\\/annatort.com\\\/wp-content\\\/uploads\\\/2026\\\/02\\\/educacio-joan.jpg&quot;}],&quot;background_slideshow_slide_duration&quot;:3000,&quot;background_slideshow_ken_burns&quot;:&quot;yes&quot;,&quot;background_slideshow_loop&quot;:&quot;yes&quot;,&quot;background_slideshow_slide_transition&quot;:&quot;fade&quot;,&quot;background_slideshow_transition_duration&quot;:500,&quot;background_slideshow_ken_burns_zoom_direction&quot;:&quot;in&quot;}\">\n\t\t\t\t<\/div>\n\t\t\t\t<\/div>\n\t\t<div class=\"elementor-element elementor-element-2daa6c2 e-con-full e-flex e-con e-child\" data-id=\"2daa6c2\" data-element_type=\"container\" data-e-type=\"container\">\n\t\t\t\t<div class=\"elementor-element elementor-element-b12fe8a elementor-widget-divider--view-line elementor-widget elementor-widget-divider\" data-id=\"b12fe8a\" data-element_type=\"widget\" data-e-type=\"widget\" data-widget_type=\"divider.default\">\n\t\t\t\t\t\t\t<div class=\"elementor-divider\">\n\t\t\t<span class=\"elementor-divider-separator\">\n\t\t\t\t\t\t<\/span>\n\t\t<\/div>\n\t\t\t\t\t\t<\/div>\n\t\t\t\t<\/div>\n\t\t<div class=\"elementor-element elementor-element-594bde0 e-con-full e-flex e-con e-child\" data-id=\"594bde0\" data-element_type=\"container\" data-e-type=\"container\" data-settings=\"{&quot;background_background&quot;:&quot;classic&quot;}\">\n\t\t<div class=\"elementor-element elementor-element-bfa92a7 e-con-full e-flex e-con e-child\" data-id=\"bfa92a7\" data-element_type=\"container\" data-e-type=\"container\">\n\t\t\t\t<div class=\"elementor-element elementor-element-a2ae7e8 elementor-widget elementor-widget-heading\" data-id=\"a2ae7e8\" data-element_type=\"widget\" data-e-type=\"widget\" data-widget_type=\"heading.default\">\n\t\t\t\t\t<h2 class=\"elementor-heading-title elementor-size-default\">Menors<\/h2>\t\t\t\t<\/div>\n\t\t\t\t<div class=\"elementor-element elementor-element-919aba9 elementor-widget elementor-widget-text-editor\" data-id=\"919aba9\" data-element_type=\"widget\" data-e-type=\"widget\" data-widget_type=\"text-editor.default\">\n\t\t\t\t\t\t\t\t\t<p><strong>Centre d&#8217;Acolliment d&#8217;Infants i Adolescents &#8211; Girona. Departament d&#8217;Afers Socials i\u00a0<span class=\"hiddenGrammarError\">Fam\u00edlia<\/span><br \/><\/strong>Intervenci\u00f3 realitzada per membres de l\u2019Associaci\u00f3 d\u2019Artterapeutes d\u2019Olot (ALTRART)<\/p>\t\t\t\t\t\t\t\t<\/div>\n\t\t\t\t<div class=\"elementor-element elementor-element-6edd630 elementor-widget elementor-widget-text-editor\" data-id=\"6edd630\" data-element_type=\"widget\" data-e-type=\"widget\" data-widget_type=\"text-editor.default\">\n\t\t\t\t\t\t\t\t\t<ul><li style=\"padding-bottom: 12px;\">DESCRIPCI\u00d3: Sessions terap\u00e8utiques per als menors que m\u00e9s ho requereixen.<\/li><li style=\"padding-bottom: 12px;\">FORMAT: Sessions individuals.<\/li><li style=\"padding-bottom: 12px;\">FINALITAT: Sosteniment del malestar i elaboraci\u00f3 de les dificultats a trav\u00e9s de l\u2019expressi\u00f3 creativa i el joc.<\/li><\/ul>\t\t\t\t\t\t\t\t<\/div>\n\t\t\t\t<\/div>\n\t\t<div class=\"elementor-element elementor-element-1327419 e-con-full e-flex e-con e-child\" data-id=\"1327419\" data-element_type=\"container\" data-e-type=\"container\" data-settings=\"{&quot;background_background&quot;:&quot;slideshow&quot;,&quot;background_slideshow_gallery&quot;:[{&quot;id&quot;:323,&quot;url&quot;:&quot;https:\\\/\\\/annatort.com\\\/wp-content\\\/uploads\\\/2026\\\/02\\\/menors1.jpg&quot;},{&quot;id&quot;:440,&quot;url&quot;:&quot;https:\\\/\\\/annatort.com\\\/wp-content\\\/uploads\\\/2026\\\/03\\\/11_10_11zon.webp&quot;}],&quot;background_slideshow_slide_duration&quot;:3000,&quot;background_slideshow_ken_burns&quot;:&quot;yes&quot;,&quot;background_slideshow_loop&quot;:&quot;yes&quot;,&quot;background_slideshow_slide_transition&quot;:&quot;fade&quot;,&quot;background_slideshow_transition_duration&quot;:500,&quot;background_slideshow_ken_burns_zoom_direction&quot;:&quot;in&quot;}\">\n\t\t\t\t<\/div>\n\t\t\t\t<\/div>\n\t\t<div class=\"elementor-element elementor-element-ac66277 e-con-full e-flex e-con e-child\" data-id=\"ac66277\" data-element_type=\"container\" data-e-type=\"container\">\n\t\t\t\t<div class=\"elementor-element elementor-element-96fd8ae elementor-widget-divider--view-line elementor-widget elementor-widget-divider\" data-id=\"96fd8ae\" data-element_type=\"widget\" data-e-type=\"widget\" data-widget_type=\"divider.default\">\n\t\t\t\t\t\t\t<div class=\"elementor-divider\">\n\t\t\t<span class=\"elementor-divider-separator\">\n\t\t\t\t\t\t<\/span>\n\t\t<\/div>\n\t\t\t\t\t\t<\/div>\n\t\t\t\t<\/div>\n\t\t<div class=\"elementor-element elementor-element-e0fe5e8 e-con-full e-flex e-con e-child\" data-id=\"e0fe5e8\" data-element_type=\"container\" data-e-type=\"container\" data-settings=\"{&quot;background_background&quot;:&quot;classic&quot;}\">\n\t\t<div class=\"elementor-element elementor-element-ea9cb57 e-con-full e-flex e-con e-child\" data-id=\"ea9cb57\" data-element_type=\"container\" data-e-type=\"container\">\n\t\t\t\t<div class=\"elementor-element elementor-element-5faeb0a elementor-widget elementor-widget-heading\" data-id=\"5faeb0a\" data-element_type=\"widget\" data-e-type=\"widget\" data-widget_type=\"heading.default\">\n\t\t\t\t\t<h2 class=\"elementor-heading-title elementor-size-default\">Gent gran i salut mental<\/h2>\t\t\t\t<\/div>\n\t\t\t\t<div class=\"elementor-element elementor-element-7eff2fe elementor-widget elementor-widget-text-editor\" data-id=\"7eff2fe\" data-element_type=\"widget\" data-e-type=\"widget\" data-widget_type=\"text-editor.default\">\n\t\t\t\t\t\t\t\t\t<p><strong>Resid\u00e8ncia per a Persones Grans Creu de Palau<\/strong><\/p>\t\t\t\t\t\t\t\t<\/div>\n\t\t\t\t<div class=\"elementor-element elementor-element-289646c elementor-widget elementor-widget-text-editor\" data-id=\"289646c\" data-element_type=\"widget\" data-e-type=\"widget\" data-widget_type=\"text-editor.default\">\n\t\t\t\t\t\t\t\t\t<ul><li style=\"padding-bottom: 12px;\">DESCRIPCI\u00d3: Sessions per a persones grans amb malaltia mental cr\u00f2nica i\/o malestar emocional associat a les circumst\u00e0ncies personals.<\/li><li style=\"padding-bottom: 12px;\">FORMAT: Sessions grupals dos dies a la setmana de 1 hora i 30 minuts.<\/li><li style=\"padding-bottom: 12px;\">FINALITAT: Promoure el benestar personal, emocional i relacional a trav\u00e9s de l\u2019expressi\u00f3 art\u00edstica.<\/li><\/ul>\t\t\t\t\t\t\t\t<\/div>\n\t\t\t\t<\/div>\n\t\t<div class=\"elementor-element elementor-element-27c438a e-con-full e-flex e-con e-child\" data-id=\"27c438a\" data-element_type=\"container\" data-e-type=\"container\" data-settings=\"{&quot;background_background&quot;:&quot;slideshow&quot;,&quot;background_slideshow_gallery&quot;:[{&quot;id&quot;:439,&quot;url&quot;:&quot;https:\\\/\\\/annatort.com\\\/wp-content\\\/uploads\\\/2026\\\/03\\\/10_9_11zon.webp&quot;}],&quot;background_slideshow_slide_duration&quot;:3000,&quot;background_slideshow_ken_burns&quot;:&quot;yes&quot;,&quot;background_slideshow_loop&quot;:&quot;yes&quot;,&quot;background_slideshow_slide_transition&quot;:&quot;fade&quot;,&quot;background_slideshow_transition_duration&quot;:500,&quot;background_slideshow_ken_burns_zoom_direction&quot;:&quot;in&quot;}\">\n\t\t\t\t<\/div>\n\t\t\t\t<\/div>\n\t\t\t\t\t<\/div>\n\t\t\t\t<\/div>\n\t\t\t\t<\/div>\n\t\t","protected":false},"excerpt":{"rendered":"<p>Serveis d&#8217;Artter\u00e0pia Artter\u00e0pia individual i grupal Atenci\u00f3 individual o grupal a persones de qualsevol edat i circumst\u00e0ncia que volen realitzar un proc\u00e9s terap\u00e8utic o de creixement personal. iNDIVIDUAL I GRUPAL Artter\u00e0pia i educaci\u00f3 Intervenci\u00f3 en centres educatius (Infantil, Prim\u00e0ria i Secund\u00e0ria) en favor del desenvolupament integral de les persones i per una escola promotora de [&hellip;]<\/p>\n","protected":false},"author":1,"featured_media":0,"parent":0,"menu_order":0,"comment_status":"closed","ping_status":"closed","template":"","meta":{"footnotes":""},"class_list":["post-353","page","type-page","status-publish","hentry"],"_links":{"self":[{"href":"https:\/\/annatort.com\/es\/wp-json\/wp\/v2\/pages\/353","targetHints":{"allow":["GET"]}}],"collection":[{"href":"https:\/\/annatort.com\/es\/wp-json\/wp\/v2\/pages"}],"about":[{"href":"https:\/\/annatort.com\/es\/wp-json\/wp\/v2\/types\/page"}],"author":[{"embeddable":true,"href":"https:\/\/annatort.com\/es\/wp-json\/wp\/v2\/users\/1"}],"replies":[{"embeddable":true,"href":"https:\/\/annatort.com\/es\/wp-json\/wp\/v2\/comments?post=353"}],"version-history":[{"count":16,"href":"https:\/\/annatort.com\/es\/wp-json\/wp\/v2\/pages\/353\/revisions"}],"predecessor-version":[{"id":444,"href":"https:\/\/annatort.com\/es\/wp-json\/wp\/v2\/pages\/353\/revisions\/444"}],"wp:attachment":[{"href":"https:\/\/annatort.com\/es\/wp-json\/wp\/v2\/media?parent=353"}],"curies":[{"name":"wp","href":"https:\/\/api.w.org\/{rel}","templated":true}]}}