{"id":33,"date":"2025-11-17T10:35:38","date_gmt":"2025-11-17T09:35:38","guid":{"rendered":"https:\/\/annatort.com\/?page_id=33"},"modified":"2026-04-01T10:56:16","modified_gmt":"2026-04-01T08:56:16","slug":"artterapia","status":"publish","type":"page","link":"https:\/\/annatort.com\/es\/artterapia\/","title":{"rendered":"Arteterapia"},"content":{"rendered":"<div data-elementor-type=\"wp-page\" data-elementor-id=\"33\" class=\"elementor elementor-33\" data-elementor-post-type=\"page\">\n\t\t\t\t<div class=\"elementor-element elementor-element-b1c13aa e-flex e-con-boxed e-con e-parent\" data-id=\"b1c13aa\" data-element_type=\"container\" data-e-type=\"container\" data-settings=\"{&quot;background_background&quot;:&quot;classic&quot;}\">\n\t\t\t\t\t<div class=\"e-con-inner\">\n\t\t\t\t\t<\/div>\n\t\t\t\t<\/div>\n\t\t<div class=\"elementor-element elementor-element-2be0ae1 e-flex e-con-boxed e-con e-parent\" data-id=\"2be0ae1\" data-element_type=\"container\" data-e-type=\"container\">\n\t\t\t\t\t<div class=\"e-con-inner\">\n\t\t\t\t<div class=\"elementor-element elementor-element-2f2060b elementor-widget elementor-widget-heading\" data-id=\"2f2060b\" data-element_type=\"widget\" data-e-type=\"widget\" data-widget_type=\"heading.default\">\n\t\t\t\t\t<h2 class=\"elementor-heading-title elementor-size-default\">Arteterapia<\/h2>\t\t\t\t<\/div>\n\t\t<div class=\"elementor-element elementor-element-529faac e-con-full e-flex e-con e-child\" data-id=\"529faac\" data-element_type=\"container\" data-e-type=\"container\">\n\t\t\t\t<div class=\"elementor-element elementor-element-5db8b35 elementor-widget__width-initial elementor-widget elementor-widget-text-editor\" data-id=\"5db8b35\" data-element_type=\"widget\" data-e-type=\"widget\" data-widget_type=\"text-editor.default\">\n\t\t\t\t\t\t\t\t\t<p class=\"p1\">La arteterapia es una psicoterapia que utiliza el arte como medio de expresi\u00f3n y comunicaci\u00f3n para recuperar y mejorar la salud y el bienestar personal. Propone un espacio de cuidado y trabajo que valora lo que cada uno est\u00e1 viviendo, desarrollando las capacidades de la persona a partir de la experiencia creativa.<\/p><p class=\"p1\">Su objetivo es la integraci\u00f3n emocional: desarrollar y reavivar las capacidades creativas que todos poseemos, la capacidad de jugar y la espontaneidad.<\/p><p class=\"p1\">Adem\u00e1s de la palabra, el uso de los lenguajes art\u00edsticos (dibujo, pintura, escultura, gesto, movimiento, escritura, fotograf\u00eda\u2026) abre una nueva dimensi\u00f3n de nosotros mismos y nos conecta con aspectos que otras veces pasan desapercibidos o son dif\u00edciles de verbalizar.\u00a0<\/p>\t\t\t\t\t\t\t\t<\/div>\n\t\t\t\t<div class=\"elementor-element elementor-element-7189c67 elementor-widget__width-initial elementor-widget elementor-widget-text-editor\" data-id=\"7189c67\" data-element_type=\"widget\" data-e-type=\"widget\" data-widget_type=\"text-editor.default\">\n\t\t\t\t\t\t\t\t\t<p class=\"p1\">La obra permite comunicarnos mejor con nosotros mismos, da voz y ayuda a contener emociones que posibilitan un di\u00e1logo con conflictos internos de forma respetuosa y tranquila.\u00a0<\/p><p class=\"p1\">La obra tiene valor no por la destreza art\u00edstica con la que ha sido elaborada sino por su capacidad de mostrar y abrir al di\u00e1logo con uno mismo y despertar el sentir que uno puede ir dando forma y trazos propios en su recorrido vital.<\/p><p class=\"p1\">El terapeuta art\u00edstico acompa\u00f1a y orienta a la persona para que encuentre sus propias formas de expresi\u00f3n y se embarque en un proceso creativo que le permita explorar sus capacidades y superar las situaciones dif\u00edciles que est\u00e1 viviendo.\u00a0<\/p>\t\t\t\t\t\t\t\t<\/div>\n\t\t\t\t<\/div>\n\t\t\t\t\t<\/div>\n\t\t\t\t<\/div>\n\t\t<div class=\"elementor-element elementor-element-35e99b3 e-flex e-con-boxed e-con e-parent\" data-id=\"35e99b3\" data-element_type=\"container\" data-e-type=\"container\" data-settings=\"{&quot;background_background&quot;:&quot;classic&quot;}\">\n\t\t\t\t\t<div class=\"e-con-inner\">\n\t\t<div class=\"elementor-element elementor-element-384a978 e-con-full e-flex e-con e-child\" data-id=\"384a978\" data-element_type=\"container\" data-e-type=\"container\">\n\t\t\t\t<div class=\"elementor-element elementor-element-1c9e05c elementor-widget elementor-widget-heading\" data-id=\"1c9e05c\" data-element_type=\"widget\" data-e-type=\"widget\" data-widget_type=\"heading.default\">\n\t\t\t\t\t<h4 class=\"elementor-heading-title elementor-size-default\">La profesi\u00f3n<\/h4>\t\t\t\t<\/div>\n\t\t\t\t<\/div>\n\t\t<div class=\"elementor-element elementor-element-a475dc8 e-con-full e-flex e-con e-child\" data-id=\"a475dc8\" data-element_type=\"container\" data-e-type=\"container\">\n\t\t\t\t<div class=\"elementor-element elementor-element-c45a817 elementor-widget elementor-widget-text-editor\" data-id=\"c45a817\" data-element_type=\"widget\" data-e-type=\"widget\" data-widget_type=\"text-editor.default\">\n\t\t\t\t\t\t\t\t\t<p class=\"p1\">El ejercicio profesional del arteterapia requiere una <b>formaci\u00f3n y titulaci\u00f3n de m\u00e1ster universitario<\/b> que garantiza el <b>rigor y la calidad<\/b> de la pr\u00e1ctica profesional.<\/p><p class=\"p1\">Las <b>asociaciones y federaciones<\/b> nacionales e internacionales act\u00faan como <b>entidades reguladoras<\/b> de los requisitos necesarios para asegurar una formaci\u00f3n de calidad y como espacios de referencia que <b>velan por un ejercicio profesional \u00e9tico y responsable<\/b>.<\/p>\t\t\t\t\t\t\t\t<\/div>\n\t\t\t\t<div class=\"elementor-element elementor-element-9294c42 elementor-widget elementor-widget-heading\" data-id=\"9294c42\" data-element_type=\"widget\" data-e-type=\"widget\" data-widget_type=\"heading.default\">\n\t\t\t\t\t<h5 class=\"elementor-heading-title elementor-size-default\">Enlaces de inter\u00e9s:<\/h5>\t\t\t\t<\/div>\n\t\t\t\t<div class=\"elementor-element elementor-element-b9a259d elementor-widget elementor-widget-text-editor\" data-id=\"b9a259d\" data-element_type=\"widget\" data-e-type=\"widget\" data-widget_type=\"text-editor.default\">\n\t\t\t\t\t\t\t\t\t<ul><li><a href=\"https:\/\/feapa.es\" target=\"_blank\" rel=\"noopener\"><strong>FEAPA<\/strong><\/a> \u2013 Federaci\u00f3n Espa\u00f1ola de Asociaciones Profesionales de Arteterapia<\/li><li><a href=\"https:\/\/www.arttherapyfederation.eu\" target=\"_blank\" rel=\"noopener\"><strong>EFAT<\/strong><\/a> \u2013 European Federation of Art Therapy<\/li><li><a href=\"https:\/\/baat.org\" target=\"_blank\" rel=\"noopener\"><strong>BAAT <\/strong><\/a>\u2013 Asociaci\u00f3n de Arteterapeutas de Gran Breta\u00f1a<\/li><li><a href=\"https:\/\/grefart.org\" target=\"_blank\" rel=\"noopener\"><strong>GREFART<\/strong><\/a> \u2013 Asociaci\u00f3n Profesional de Arteterapeutas<\/li><li><a href=\"https:\/\/altrart.cat\" target=\"_blank\" rel=\"noopener\"><strong>ALTRART<\/strong><\/a> \u2013 Asociaci\u00f3n de Arteterapia Olot<\/li><\/ul>\t\t\t\t\t\t\t\t<\/div>\n\t\t\t\t<\/div>\n\t\t\t\t\t<\/div>\n\t\t\t\t<\/div>\n\t\t\t\t<\/div>","protected":false},"excerpt":{"rendered":"<p>L\u2019ARTTER\u00c0PIA es una psicoter\u00e0pia que utilitza l\u2019art com a medi d\u2019expressi\u00f3 i comunicaci\u00f3 per recuperar i millorar la salut i el benestar personal. Proposa un espai de cura i treball que posa en valor el que cadasc\u00fa est\u00e0 vivint desenvolupant les capacitats de la persona a partir de l\u2019experi\u00e8ncia creativa. El seu objectiu \u00e9s la [&hellip;]<\/p>\n","protected":false},"author":1,"featured_media":0,"parent":0,"menu_order":0,"comment_status":"closed","ping_status":"closed","template":"","meta":{"footnotes":""},"class_list":["post-33","page","type-page","status-publish","hentry"],"_links":{"self":[{"href":"https:\/\/annatort.com\/es\/wp-json\/wp\/v2\/pages\/33","targetHints":{"allow":["GET"]}}],"collection":[{"href":"https:\/\/annatort.com\/es\/wp-json\/wp\/v2\/pages"}],"about":[{"href":"https:\/\/annatort.com\/es\/wp-json\/wp\/v2\/types\/page"}],"author":[{"embeddable":true,"href":"https:\/\/annatort.com\/es\/wp-json\/wp\/v2\/users\/1"}],"replies":[{"embeddable":true,"href":"https:\/\/annatort.com\/es\/wp-json\/wp\/v2\/comments?post=33"}],"version-history":[{"count":23,"href":"https:\/\/annatort.com\/es\/wp-json\/wp\/v2\/pages\/33\/revisions"}],"predecessor-version":[{"id":509,"href":"https:\/\/annatort.com\/es\/wp-json\/wp\/v2\/pages\/33\/revisions\/509"}],"wp:attachment":[{"href":"https:\/\/annatort.com\/es\/wp-json\/wp\/v2\/media?parent=33"}],"curies":[{"name":"wp","href":"https:\/\/api.w.org\/{rel}","templated":true}]}}