{"id":28,"date":"2025-11-17T10:31:43","date_gmt":"2025-11-17T09:31:43","guid":{"rendered":"https:\/\/annatort.com\/?page_id=28"},"modified":"2026-03-31T11:43:42","modified_gmt":"2026-03-31T09:43:42","slug":"sobre-mi","status":"publish","type":"page","link":"https:\/\/annatort.com\/es\/sobre-mi\/","title":{"rendered":"Acerca de m\u00ed"},"content":{"rendered":"<div data-elementor-type=\"wp-page\" data-elementor-id=\"28\" class=\"elementor elementor-28\" data-elementor-post-type=\"page\">\n\t\t\t\t<div class=\"elementor-element elementor-element-ab45011 e-flex e-con-boxed e-con e-parent\" data-id=\"ab45011\" data-element_type=\"container\" data-e-type=\"container\" data-settings=\"{&quot;background_background&quot;:&quot;classic&quot;}\">\n\t\t\t\t\t<div class=\"e-con-inner\">\n\t\t\t\t\t<\/div>\n\t\t\t\t<\/div>\n\t\t<div class=\"elementor-element elementor-element-708d00a e-flex e-con-boxed e-con e-parent\" data-id=\"708d00a\" data-element_type=\"container\" data-e-type=\"container\">\n\t\t\t\t\t<div class=\"e-con-inner\">\n\t\t\t\t<div class=\"elementor-element elementor-element-b6e44be elementor-widget__width-initial elementor-widget elementor-widget-heading\" data-id=\"b6e44be\" data-element_type=\"widget\" data-e-type=\"widget\" data-widget_type=\"heading.default\">\n\t\t\t\t\t<h2 class=\"elementor-heading-title elementor-size-default\">\nMe llamo <b>Anna Tort<\/b> Soy arteterapeuta, miembro profesional de GREFART <br>(Grupo de Investigaci\u00f3n y Formaci\u00f3n en Arteterapia) y de ALTRART (Asociaci\u00f3n de Arteterapia Olot)\n\n<\/h2>\t\t\t\t<\/div>\n\t\t<div class=\"elementor-element elementor-element-ed2abfd e-con-full e-flex e-con e-child\" data-id=\"ed2abfd\" data-element_type=\"container\" data-e-type=\"container\">\n\t\t\t\t<div class=\"elementor-element elementor-element-7e6b095 elementor-widget__width-initial elementor-widget elementor-widget-text-editor\" data-id=\"7e6b095\" data-element_type=\"widget\" data-e-type=\"widget\" data-widget_type=\"text-editor.default\">\n\t\t\t\t\t\t\t\t\t<p class=\"p1\">Llevo 14 a\u00f1os dedic\u00e1ndome exclusivamente a la profesi\u00f3n de la Arteterapia. Trabajo en consulta privada y en colaboraci\u00f3n con entidades e instituciones en diferentes \u00e1mbitos y colectivos. Especializada en la integraci\u00f3n de la arteterapia en los centros educativos.<\/p><p class=\"p1\">Soy docente en el Diploma y en el M\u00e1ster Integrativo de Arteterapia de la Universitat de Girona. Y durante unos a\u00f1os, tambi\u00e9n tutora de pr\u00e1cticas de los y las estudiantes del M\u00e1ster.\u00a0<\/p><p class=\"p1\">He sido coordinadora del \u00e1rea de socios profesionales de GREFART. Actualmente tesorera de la Asociaci\u00f3n de Arteterapia de Olot ALTRART.<\/p><p class=\"p1\">Formada en la Universitat de Girona, cuento con la Diplomatura de Educaci\u00f3n Infantil (2004), Posgrado de Arteterapia (2009-2010) y M\u00e1ster Integrativo en Arteterapia (2010-2012). Formaci\u00f3n continuada en la intersecci\u00f3n entre las Artes y la Psicolog\u00eda din\u00e1mica.<\/p>\t\t\t\t\t\t\t\t<\/div>\n\t\t<div class=\"elementor-element elementor-element-0cf3858 e-con-full e-flex e-con e-child\" data-id=\"0cf3858\" data-element_type=\"container\" data-e-type=\"container\" data-settings=\"{&quot;background_background&quot;:&quot;classic&quot;}\">\n\t\t\t\t<\/div>\n\t\t\t\t<\/div>\n\t\t\t\t<div class=\"elementor-element elementor-element-4d6ac71 elementor-widget elementor-widget-n-accordion\" data-id=\"4d6ac71\" data-element_type=\"widget\" data-e-type=\"widget\" data-settings=\"{&quot;default_state&quot;:&quot;all_collapsed&quot;,&quot;max_items_expended&quot;:&quot;one&quot;,&quot;n_accordion_animation_duration&quot;:{&quot;unit&quot;:&quot;ms&quot;,&quot;size&quot;:400,&quot;sizes&quot;:[]}}\" data-widget_type=\"nested-accordion.default\">\n\t\t\t\t\t\t\t<div class=\"e-n-accordion\" aria-label=\"Acorde\u00f3n. Abre enlaces con Intro o Espacio, cierra con Escape y navega con las teclas de flecha\">\n\t\t\t\t\t\t<details id=\"e-n-accordion-item-8110\" class=\"e-n-accordion-item\" >\n\t\t\t\t<summary class=\"e-n-accordion-item-title\" data-accordion-index=\"1\" tabindex=\"0\" aria-expanded=\"false\" aria-controls=\"e-n-accordion-item-8110\" >\n\t\t\t\t\t<span class='e-n-accordion-item-title-header'><div class=\"e-n-accordion-item-title-text\"> Leer m\u00e1s <\/div><\/span>\n\t\t\t\t\t\t\t<span class='e-n-accordion-item-title-icon'>\n\t\t\t<span class='e-opened' ><svg aria-hidden=\"true\" class=\"e-font-icon-svg e-fas-minus\" viewbox=\"0 0 448 512\" xmlns=\"http:\/\/www.w3.org\/2000\/svg\"><path d=\"M416 208H32c-17.67 0-32 14.33-32 32v32c0 17.67 14.33 32 32 32h384c17.67 0 32-14.33 32-32v-32c0-17.67-14.33-32-32-32z\"><\/path><\/svg><\/span>\n\t\t\t<span class='e-closed'><svg aria-hidden=\"true\" class=\"e-font-icon-svg e-fas-plus\" viewbox=\"0 0 448 512\" xmlns=\"http:\/\/www.w3.org\/2000\/svg\"><path d=\"M416 208H272V64c0-17.67-14.33-32-32-32h-32c-17.67 0-32 14.33-32 32v144H32c-17.67 0-32 14.33-32 32v32c0 17.67 14.33 32 32 32h144v144c0 17.67 14.33 32 32 32h32c17.67 0 32-14.33 32-32V304h144c17.67 0 32-14.33 32-32v-32c0-17.67-14.33-32-32-32z\"><\/path><\/svg><\/span>\n\t\t<\/span>\n\n\t\t\t\t\t\t<\/summary>\n\t\t\t\t<div role=\"region\" aria-labelledby=\"e-n-accordion-item-8110\" class=\"elementor-element elementor-element-d842699 e-con-full e-flex e-con e-child\" data-id=\"d842699\" data-element_type=\"container\" data-e-type=\"container\">\n\t\t\t\t<div class=\"elementor-element elementor-element-31fa8b7 elementor-widget__width-initial elementor-widget elementor-widget-text-editor\" data-id=\"31fa8b7\" data-element_type=\"widget\" data-e-type=\"widget\" data-widget_type=\"text-editor.default\">\n\t\t\t\t\t\t\t\t\t<p class=\"p1\">Desde muy joven me he sentido comprometida y he trabajado en contextos educativos, sociales y comunitarios: Servicio de Informaci\u00f3n y Atenci\u00f3n a la Mujer (SIAD), Consejo de Solidaridad y Cooperaci\u00f3n, Centro Residencial de Acci\u00f3n Educativa (CRAE), Taller ocupacional y Residencia para personas con diversidad funcional, Centro Psicopedag\u00f3gico, etc.<\/p><p class=\"p1\">Despu\u00e9s de unos a\u00f1os como maestra en la escuela p\u00fablica me decid\u00ed a estudiar Arteterapia. Mi inter\u00e9s en las personas, en escucharlas y acercarme y conocer las realidades y particularidades de cada persona y de cada historia vital, junto con mi pasi\u00f3n por la expresi\u00f3n art\u00edstica y las artes, me llevaron hasta la Arteterapia.\u00a0<\/p><p class=\"p1\">Trabajo desde un enfoque psicodin\u00e1mico que considero me permite dar una escucha con profundidad a la dimensi\u00f3n humana. Los lenguajes art\u00edsticos y los procesos creadores permiten transitar por las capacidades y dificultades que vivimos las personas de una forma hol\u00edstica y global. La dimensi\u00f3n corporal, perceptiva y sensorial quedan incluidas en esta metodolog\u00eda de trabajo y enriquecen el tratamiento.\u00a0<\/p><p class=\"p1\">He trabajado en Escuelas, Institutos y Centros Residenciales. En el \u00e1mbito de Salud Mental, Mujeres, infancia en riesgo, j\u00f3venes, adolescentes y personas mayores. Y tambi\u00e9n con equipos humanos de \u00e1mbitos sociales y educativos. Atiendo a las personas de forma presencial, en formato online y tambi\u00e9n a domicilio cuando las circunstancias lo requieren.\u00a0<\/p><p class=\"p1\">A lo largo de mi trayectoria vital y profesional he trabajado mucho con ni\u00f1os y familias. Me he dedicado con especial inter\u00e9s a impulsar proyectos para introducir la arteterapia en los centros educativos y tengo una larga experiencia en este \u00e1mbito.\u00a0<\/p><p class=\"p1\">Trabajo desde el compromiso y rigor profesional que marca el c\u00f3digo \u00e9tico de Grefart. <a href=\"https:\/\/grefart.org\/asociacion-profesional-arteterapia\/#codigo\" target=\"_blank\" rel=\"noopener\"><span class=\"s1\">C\u00f3digo \u00e9tico<\/span><\/a><\/p>\t\t\t\t\t\t\t\t<\/div>\n\t\t\t\t<\/div>\n\t\t\t\t\t<\/details>\n\t\t\t\t\t<\/div>\n\t\t\t\t\t\t<\/div>\n\t\t\t\t\t<\/div>\n\t\t\t\t<\/div>\n\t\t<div class=\"elementor-element elementor-element-7b4f659 e-flex e-con-boxed e-con e-parent\" data-id=\"7b4f659\" data-element_type=\"container\" data-e-type=\"container\" data-settings=\"{&quot;background_background&quot;:&quot;classic&quot;}\">\n\t\t\t\t\t<div class=\"e-con-inner\">\n\t\t\t\t\t<\/div>\n\t\t\t\t<\/div>\n\t\t<div class=\"elementor-element elementor-element-912f066 e-flex e-con-boxed e-con e-parent\" data-id=\"912f066\" data-element_type=\"container\" data-e-type=\"container\" data-settings=\"{&quot;background_background&quot;:&quot;classic&quot;}\">\n\t\t\t\t\t<div class=\"e-con-inner\">\n\t\t<div class=\"elementor-element elementor-element-3b4d48c e-con-full e-flex e-con e-child\" data-id=\"3b4d48c\" data-element_type=\"container\" data-e-type=\"container\">\n\t\t\t\t<div class=\"elementor-element elementor-element-f1c0374 elementor-widget elementor-widget-heading\" data-id=\"f1c0374\" data-element_type=\"widget\" data-e-type=\"widget\" data-widget_type=\"heading.default\">\n\t\t\t\t\t<h4 class=\"elementor-heading-title elementor-size-default\">Experiencia profesional<\/h4>\t\t\t\t<\/div>\n\t\t\t\t<\/div>\n\t\t<div class=\"elementor-element elementor-element-4f2e870 e-con-full e-flex e-con e-child\" data-id=\"4f2e870\" data-element_type=\"container\" data-e-type=\"container\">\n\t\t\t\t<div class=\"elementor-element elementor-element-fc43f17 elementor-widget elementor-widget-heading\" data-id=\"fc43f17\" data-element_type=\"widget\" data-e-type=\"widget\" data-widget_type=\"heading.default\">\n\t\t\t\t\t<h5 class=\"elementor-heading-title elementor-size-default\">Intervenci\u00f3n en escuelas e institutos  <\/h5>\t\t\t\t<\/div>\n\t\t\t\t<div class=\"elementor-element elementor-element-300b903 elementor-widget elementor-widget-text-editor\" data-id=\"300b903\" data-element_type=\"widget\" data-e-type=\"widget\" data-widget_type=\"text-editor.default\">\n\t\t\t\t\t\t\t\t\t<h6 style=\"font-weight: 600;\">2012-2014 - Instituto Montsoriu. Arb\u00faceas. La Selva.<\/h6>\n<p style=\"font-weight: 00;\">Sesiones individuales semanales de 60&#039; para alumnos de ESO<\/p>\n\n<h6 style=\"font-weight: 600;\">2014-2016 : Instituto Escuela Tur\u00f3 de Roquetes. Nou Barris, Barcelona. Grefart y Consorcio de Educaci\u00f3n de Bcn.<\/h6>\n<p style=\"font-weight: 400;\">Sesiones grupales semanales de 90&#039; en primaria y en secundaria.<\/p>\n\n<h6 style=\"font-weight: 600;\">2015-2022 \u2013 Institut Barcelona Congr\u00e9s. Nou Barris Barcelona. Grefart y Consorcio de Educaci\u00f3n de Bcn.<\/h6>\n<p style=\"font-weight: 400;\">Sesiones grupales semanales de 90&#039; para alumnos de ESO<\/p>\n\n<h6 style=\"font-weight: 600;\">2016 \u2013 Introducci\u00f3n al arteterapia para docentes. Escuela de verano, Fundaci\u00f3n Universitaria Mart\u00ed l&#039;Hum\u00e0.<\/h6>\n<h6 style=\"font-weight: 600;\">2016-2017 - Instituto Lauro. Las Franquesas del Vall\u00e9s. Grefarto.<\/h6>\n<p style=\"font-weight: 400;\">Sesiones grupales 90&#039; a 1\u00ba ESO.<\/p>\n\n<h6 style=\"font-weight: 600;\">2017-2025 - Escuela Joan Maragall. Santa Paz. La Garrotxa. Asociaci\u00f3n Altrart.<\/h6>\n<p style=\"font-weight: 400;\">Sesiones grupales a lo largo del curso por todos los alumnos del centro.<\/p>\n\n<h6 style=\"font-weight: 600;\">2018-2019 - Escuela de Educaci\u00f3n Especial Sant Jordi. Tortosa.<\/h6>\n<p style=\"font-weight: 400;\">Formaci\u00f3n por el profesorado.<\/p>\n\n<h6 style=\"font-weight: 600;\">2021-2022 - Escuela Vedruna. Arb\u00faceas<\/h6>\n<p style=\"font-weight: 400;\">Sesiones grupales con los alumnos de 6\u00ba.<\/p>\t\t\t\t\t\t\t\t<\/div>\n\t\t\t\t<div class=\"elementor-element elementor-element-d7dfa78 elementor-widget elementor-widget-heading\" data-id=\"d7dfa78\" data-element_type=\"widget\" data-e-type=\"widget\" data-widget_type=\"heading.default\">\n\t\t\t\t\t<h5 class=\"elementor-heading-title elementor-size-default\">Infancia en riesgo<\/h5>\t\t\t\t<\/div>\n\t\t\t\t<div class=\"elementor-element elementor-element-4ac92d4 elementor-widget elementor-widget-text-editor\" data-id=\"4ac92d4\" data-element_type=\"widget\" data-e-type=\"widget\" data-widget_type=\"text-editor.default\">\n\t\t\t\t\t\t\t\t\t<h6 style=\"font-weight: 600;\">2020-2025 - Centro de Acogida Girona. Departamento de Trabajo, Asuntos sociales y familias. Asociaci\u00f3n Altrart<\/h6>\n<p style=\"font-weight: 400;\">Sesiones individuales de 45&#039;.<\/p>\n\n<h6 style=\"font-weight: 600;\">2017-2022 - Talleres grupales con ni\u00f1as con riesgo de exclusi\u00f3n social. Arb\u00faceas. Asociaci\u00f3n \u00c1mbar y Ayuntamiento de Arb\u00facies<\/h6>\n<p style=\"font-weight: 400;\">Sesiones grupales de 90&#039;.<\/p>\t\t\t\t\t\t\t\t<\/div>\n\t\t\t\t<div class=\"elementor-element elementor-element-b8582f3 elementor-widget elementor-widget-heading\" data-id=\"b8582f3\" data-element_type=\"widget\" data-e-type=\"widget\" data-widget_type=\"heading.default\">\n\t\t\t\t\t<h5 class=\"elementor-heading-title elementor-size-default\">J\u00f3venes<\/h5>\t\t\t\t<\/div>\n\t\t\t\t<div class=\"elementor-element elementor-element-b20fcac elementor-widget elementor-widget-text-editor\" data-id=\"b20fcac\" data-element_type=\"widget\" data-e-type=\"widget\" data-widget_type=\"text-editor.default\">\n\t\t\t\t\t\t\t\t\t<h6 style=\"font-weight: 600;\">2023 - Taller para adolescentes y j\u00f3venes. Oficina joven de St. Coloma de Farners. Consejo Comarcal de La Selva.<\/h6>\t\t\t\t\t\t\t\t<\/div>\n\t\t\t\t<div class=\"elementor-element elementor-element-57c3cb0 elementor-widget elementor-widget-heading\" data-id=\"57c3cb0\" data-element_type=\"widget\" data-e-type=\"widget\" data-widget_type=\"heading.default\">\n\t\t\t\t\t<h5 class=\"elementor-heading-title elementor-size-default\">Mujeres<\/h5>\t\t\t\t<\/div>\n\t\t\t\t<div class=\"elementor-element elementor-element-80fa44c elementor-widget elementor-widget-text-editor\" data-id=\"80fa44c\" data-element_type=\"widget\" data-e-type=\"widget\" data-widget_type=\"text-editor.default\">\n\t\t\t\t\t\t\t\t\t<h6>2019-2020 - Talleres con mujeres v\u00edctimas de violencia machista. Salt y Cass\u00e0 de la Selva. SIAD Consejo comarcal del Giron\u00e8s.<\/h6><h6>2023-2024 - Talleres para mujeres. Salud comunitaria CAP de Arb\u00facies. Asociaci\u00f3n \u00c1mbar y Ayuntamiento de Arb\u00facies.<\/h6><h6>2017-2022 \u2013 Talleres para ni\u00f1as v\u00edctimas de violencia familiar, atenci\u00f3n y prevenci\u00f3n al maltrato. Asociaci\u00f3n \u00c1mbar y Ayuntamiento de Arb\u00facies.<\/h6>\t\t\t\t\t\t\t\t<\/div>\n\t\t\t\t<div class=\"elementor-element elementor-element-a6ef1f9 elementor-widget elementor-widget-heading\" data-id=\"a6ef1f9\" data-element_type=\"widget\" data-e-type=\"widget\" data-widget_type=\"heading.default\">\n\t\t\t\t\t<h5 class=\"elementor-heading-title elementor-size-default\">Personas mayores<\/h5>\t\t\t\t<\/div>\n\t\t\t\t<div class=\"elementor-element elementor-element-86a19bb elementor-widget elementor-widget-text-editor\" data-id=\"86a19bb\" data-element_type=\"widget\" data-e-type=\"widget\" data-widget_type=\"text-editor.default\">\n\t\t\t\t\t\t\t\t\t<h6 style=\"font-weight: 600;\">2016-2017 - Biograf\u00edas. Talleres con personas mayores. Arb\u00faceas. Asociaci\u00f3n Nuiidad y Ayuntamiento de Arb\u00facies.<\/h6>\t\t\t\t\t\t\t\t<\/div>\n\t\t\t\t<div class=\"elementor-element elementor-element-216e6bc elementor-widget elementor-widget-heading\" data-id=\"216e6bc\" data-element_type=\"widget\" data-e-type=\"widget\" data-widget_type=\"heading.default\">\n\t\t\t\t\t<h5 class=\"elementor-heading-title elementor-size-default\">Salud mental<\/h5>\t\t\t\t<\/div>\n\t\t\t\t<div class=\"elementor-element elementor-element-78740b6 elementor-widget elementor-widget-text-editor\" data-id=\"78740b6\" data-element_type=\"widget\" data-e-type=\"widget\" data-widget_type=\"text-editor.default\">\n\t\t\t\t\t\t\t\t\t<h6>2023-2025 - Sesiones para personas mayores con enfermedad mental cr\u00f3nica. Residencia Cruz de Palau. Gerona. Departamento de Asuntos sociales familia.<\/h6><p>Sesiones grupales de 90&#039;, dos d\u00edas a la semana.<\/p>\t\t\t\t\t\t\t\t<\/div>\n\t\t\t\t<\/div>\n\t\t\t\t\t<\/div>\n\t\t\t\t<\/div>\n\t\t\t\t<\/div>","protected":false},"excerpt":{"rendered":"<p>Em dic Anna Tort s\u00f3c artterapeuta, membre professional de GREFART (Grup de Recerca i Formaci\u00f3 en Artter\u00e0pia) i d\u2019 ALTRART (Associaci\u00f3 d\u2019Artter\u00e0pia Olot) Fa 14 anys que em dedico exclusivament a la professi\u00f3 de l\u2019Artter\u00e0pia. Treballo en consulta privada i en col\u00b7laboraci\u00f3 amb entitats i institucions en diferents \u00e0mbits i col\u00b7lectius. Especialitzada en la integraci\u00f3 [&hellip;]<\/p>\n","protected":false},"author":1,"featured_media":0,"parent":0,"menu_order":0,"comment_status":"closed","ping_status":"closed","template":"","meta":{"footnotes":""},"class_list":["post-28","page","type-page","status-publish","hentry"],"_links":{"self":[{"href":"https:\/\/annatort.com\/es\/wp-json\/wp\/v2\/pages\/28","targetHints":{"allow":["GET"]}}],"collection":[{"href":"https:\/\/annatort.com\/es\/wp-json\/wp\/v2\/pages"}],"about":[{"href":"https:\/\/annatort.com\/es\/wp-json\/wp\/v2\/types\/page"}],"author":[{"embeddable":true,"href":"https:\/\/annatort.com\/es\/wp-json\/wp\/v2\/users\/1"}],"replies":[{"embeddable":true,"href":"https:\/\/annatort.com\/es\/wp-json\/wp\/v2\/comments?post=28"}],"version-history":[{"count":76,"href":"https:\/\/annatort.com\/es\/wp-json\/wp\/v2\/pages\/28\/revisions"}],"predecessor-version":[{"id":482,"href":"https:\/\/annatort.com\/es\/wp-json\/wp\/v2\/pages\/28\/revisions\/482"}],"wp:attachment":[{"href":"https:\/\/annatort.com\/es\/wp-json\/wp\/v2\/media?parent=28"}],"curies":[{"name":"wp","href":"https:\/\/api.w.org\/{rel}","templated":true}]}}